{"id":1137,"date":"2025-11-20T11:50:52","date_gmt":"2025-11-20T10:50:52","guid":{"rendered":"https:\/\/ms-associes.com\/?page_id=1137"},"modified":"2026-04-13T16:47:13","modified_gmt":"2026-04-13T14:47:13","slug":"legal-information","status":"publish","type":"page","link":"https:\/\/www.ms-associes.com\/en\/mentions-legales\/","title":{"rendered":"Legal notices"},"content":{"rendered":"<div data-elementor-type=\"wp-page\" data-elementor-id=\"1137\" class=\"elementor elementor-1137\" data-elementor-post-type=\"page\">\n\t\t\t\t<div class=\"elementor-element elementor-element-0d354d9 e-flex e-con-boxed e-con e-parent\" data-id=\"0d354d9\" data-element_type=\"container\" data-e-type=\"container\" data-settings=\"{&quot;background_background&quot;:&quot;classic&quot;,&quot;jet_parallax_layout_list&quot;:[]}\">\n\t\t\t\t\t<div class=\"e-con-inner\">\n\t\t\t\t<div class=\"elementor-element elementor-element-31ac890 elementor-widget elementor-widget-heading\" data-id=\"31ac890\" data-element_type=\"widget\" data-e-type=\"widget\" data-widget_type=\"heading.default\">\n\t\t\t\t<div class=\"elementor-widget-container\">\n\t\t\t\t\t<h2 class=\"elementor-heading-title elementor-size-default\">Legal notices<\/h2>\t\t\t\t<\/div>\n\t\t\t\t<\/div>\n\t\t\t\t\t<\/div>\n\t\t\t\t<\/div>\n\t\t<div class=\"elementor-element elementor-element-0a23fc6 e-flex e-con-boxed e-con e-parent\" data-id=\"0a23fc6\" data-element_type=\"container\" data-e-type=\"container\" data-settings=\"{&quot;jet_parallax_layout_list&quot;:[]}\">\n\t\t\t\t\t<div class=\"e-con-inner\">\n\t\t<div class=\"elementor-element elementor-element-cbbcf5f e-con-full elementor-hidden-mobile elementor-hidden-tablet e-flex e-con e-child\" data-id=\"cbbcf5f\" data-element_type=\"container\" data-e-type=\"container\" data-settings=\"{&quot;jet_parallax_layout_list&quot;:[]}\">\n\t\t<div class=\"elementor-element elementor-element-aed4e5d e-con-full e-flex e-con e-child\" data-id=\"aed4e5d\" data-element_type=\"container\" data-e-type=\"container\" data-settings=\"{&quot;background_background&quot;:&quot;classic&quot;,&quot;jet_parallax_layout_list&quot;:[]}\">\n\t\t\t\t<\/div>\n\t\t\t\t<\/div>\n\t\t<div class=\"elementor-element elementor-element-bd54667 e-con-full e-flex e-con e-child\" data-id=\"bd54667\" data-element_type=\"container\" data-e-type=\"container\" data-settings=\"{&quot;jet_parallax_layout_list&quot;:[]}\">\n\t\t<div class=\"elementor-element elementor-element-691a2f7 e-con-full e-flex e-con e-child\" data-id=\"691a2f7\" data-element_type=\"container\" data-e-type=\"container\" data-settings=\"{&quot;jet_parallax_layout_list&quot;:[]}\">\n\t\t\t\t<div class=\"elementor-element elementor-element-d2abb2e elementor-widget elementor-widget-heading\" data-id=\"d2abb2e\" data-element_type=\"widget\" data-e-type=\"widget\" data-widget_type=\"heading.default\">\n\t\t\t\t<div class=\"elementor-widget-container\">\n\t\t\t\t\t<p class=\"elementor-heading-title elementor-size-default\">WEBSITE PUBLISHER<\/p>\t\t\t\t<\/div>\n\t\t\t\t<\/div>\n\t\t\t\t<div class=\"elementor-element elementor-element-89e03e6 elementor-widget elementor-widget-text-editor\" data-id=\"89e03e6\" data-element_type=\"widget\" data-e-type=\"widget\" data-widget_type=\"text-editor.default\">\n\t\t\t\t<div class=\"elementor-widget-container\">\n\t\t\t\t\t\t\t\t\t<p class=\" translation-block\">Morvilliers Sentenac &amp; Associ\u00e9s SELAS\n18 rue Lafayette 31000 Toulouse\nTel.: 05.62.27.50.50<\/p><p class=\" translation-block\">SIRET No.: 38947017000033\nIntra-Community VAT number: FR29389470170\nSELAS with capital of \u20ac196,299.00\nRegistered with the TOULOUSE Trade and Companies Register under number 389 470 170<\/p><p><span style=\"font-weight: 400;\">Email address: contact@ms-associes.com\u00a0<\/span><\/p><p><span style=\"font-weight: 400;\">Director of Publication: Ma\u00eetre Nicolas MORVILLIERS<\/span><\/p><p><span style=\"font-weight: 400;\">Morvilliers Sentenac &amp; Associ\u00e9s is a law firm registered with the Toulouse Bar Association.<\/span><\/p>\t\t\t\t\t\t\t\t<\/div>\n\t\t\t\t<\/div>\n\t\t\t\t<div class=\"elementor-element elementor-element-6db3ee5 elementor-widget-divider--view-line elementor-widget elementor-widget-divider\" data-id=\"6db3ee5\" data-element_type=\"widget\" data-e-type=\"widget\" data-widget_type=\"divider.default\">\n\t\t\t\t<div class=\"elementor-widget-container\">\n\t\t\t\t\t\t\t<div class=\"elementor-divider\">\n\t\t\t<span class=\"elementor-divider-separator\">\n\t\t\t\t\t\t<\/span>\n\t\t<\/div>\n\t\t\t\t\t\t<\/div>\n\t\t\t\t<\/div>\n\t\t\t\t<\/div>\n\t\t<div class=\"elementor-element elementor-element-ed0e1cb e-con-full e-flex e-con e-child\" data-id=\"ed0e1cb\" data-element_type=\"container\" data-e-type=\"container\" data-settings=\"{&quot;jet_parallax_layout_list&quot;:[]}\">\n\t\t\t\t<div class=\"elementor-element elementor-element-84ab036 elementor-widget elementor-widget-heading\" data-id=\"84ab036\" data-element_type=\"widget\" data-e-type=\"widget\" data-widget_type=\"heading.default\">\n\t\t\t\t<div class=\"elementor-widget-container\">\n\t\t\t\t\t<p class=\"elementor-heading-title elementor-size-default\">WEBSITE HOST<\/p>\t\t\t\t<\/div>\n\t\t\t\t<\/div>\n\t\t\t\t<div class=\"elementor-element elementor-element-10d16cf elementor-widget elementor-widget-text-editor\" data-id=\"10d16cf\" data-element_type=\"widget\" data-e-type=\"widget\" data-widget_type=\"text-editor.default\">\n\t\t\t\t<div class=\"elementor-widget-container\">\n\t\t\t\t\t\t\t\t\t<p><span style=\"font-weight: 400;\">OVH<\/span><\/p><p><span style=\"font-weight: 400;\">2 rue Kellermann BP 80157, Roubaix (59053)<\/span><\/p><p><span style=\"font-weight: 400;\">RCS Roubaix \u2013 Tourcoing 424 761 419 00045<\/span><\/p><p><span style=\"font-weight: 400;\">Tel: +33 (0)9 72 10 10 07<\/span><\/p><p><a href=\"http:\/\/www.ovh.com\/\" rel=\"nofollow noopener\" target=\"_blank\"><span style=\"font-weight: 400;\">www.ovh.com<\/span><\/a><\/p><p><a href=\"http:\/\/www.ovh.com\/fr\/support\/nous-contacter\" rel=\"nofollow noopener\" target=\"_blank\"><span style=\"font-weight: 400;\">www.ovh.com\/fr\/support\/nous-contacter<\/span><\/a><\/p>\t\t\t\t\t\t\t\t<\/div>\n\t\t\t\t<\/div>\n\t\t\t\t<div class=\"elementor-element elementor-element-602939e elementor-widget-divider--view-line elementor-widget elementor-widget-divider\" data-id=\"602939e\" data-element_type=\"widget\" data-e-type=\"widget\" data-widget_type=\"divider.default\">\n\t\t\t\t<div class=\"elementor-widget-container\">\n\t\t\t\t\t\t\t<div class=\"elementor-divider\">\n\t\t\t<span class=\"elementor-divider-separator\">\n\t\t\t\t\t\t<\/span>\n\t\t<\/div>\n\t\t\t\t\t\t<\/div>\n\t\t\t\t<\/div>\n\t\t\t\t<\/div>\n\t\t<div class=\"elementor-element elementor-element-00f0172 e-con-full e-flex e-con e-child\" data-id=\"00f0172\" data-element_type=\"container\" data-e-type=\"container\" data-settings=\"{&quot;jet_parallax_layout_list&quot;:[]}\">\n\t\t\t\t<div class=\"elementor-element elementor-element-65a8617 elementor-widget elementor-widget-heading\" data-id=\"65a8617\" data-element_type=\"widget\" data-e-type=\"widget\" data-widget_type=\"heading.default\">\n\t\t\t\t<div class=\"elementor-widget-container\">\n\t\t\t\t\t<p class=\"elementor-heading-title elementor-size-default\">INTELLECTUAL PROPERTY RIGHTS<\/p>\t\t\t\t<\/div>\n\t\t\t\t<\/div>\n\t\t\t\t<div class=\"elementor-element elementor-element-bfce09b elementor-widget elementor-widget-text-editor\" data-id=\"bfce09b\" data-element_type=\"widget\" data-e-type=\"widget\" data-widget_type=\"text-editor.default\">\n\t\t\t\t<div class=\"elementor-widget-container\">\n\t\t\t\t\t\t\t\t\t<p><span style=\"font-weight: 400;\">This entire website (structure, presentation and content) constitutes a work protected by French and international legislation in force on copyright and, more generally, on intellectual property.<\/span><\/p><p><span style=\"font-weight: 400;\">Morvilliers Sentenac &amp; Associ\u00e9s is the owner or beneficiary of the licence rights for all elements comprising the website, including texts, data, databases, software, drawings, models, graphics, photos, animations and sounds, including downloadable documents.\u00a0<\/span><\/p><p><span style=\"font-weight: 400;\">All rights, including in particular the rights of use, reproduction and extraction on any medium, of all or part of the data, files and all elements appearing on the pages of the website, as well as the rights of representation and reproduction on any medium, of all or part of the website, the rights of modification, adaptation or translation, are reserved exclusively for Morvilliers Sentenac &amp; Associ\u00e9s and its possible beneficiaries, subject to the pre-existing rights of third parties who have authorised the digital reproduction and\/or integration into the Website, by Morvilliers Sentenac &amp; Associ\u00e9s, of their works of any kind whatsoever.<\/span><\/p><p><span style=\"font-weight: 400;\">Any reproduction, representation, extraction, distribution or redistribution, in whole or in part, of the content of the Website by any means whatsoever without the express prior authorisation of Morvilliers Sentenac &amp; Associ\u00e9s is prohibited and constitutes an infringement punishable under Articles L.335-2 et seq. of the Intellectual Property Code.<\/span><\/p><p><span style=\"font-weight: 400;\">The reproduction of texts and web pages from the Website on paper is authorised, subject to the following cumulative conditions: free distribution, respect for the integrity and purpose of the documents reproduced (no modifications or alterations), respect for the purpose of the Website in the use of its information and elements, clear and legible citation of the source with mention of the name of the Website, its Internet address and the rights of Morvilliers Sentenac &amp; Associ\u00e9s.<\/span><\/p><p><span style=\"font-weight: 400;\">The trademarks, company names and logos appearing on the Website are protected. Any total or partial reproduction of these trademarks or logos without our express authorisation or that of our beneficiaries is therefore prohibited, within the meaning of Article L 713-2 of the Intellectual Property Code.<\/span><\/p><p><span style=\"font-weight: 400;\">Users of our Website are also prohibited from unlocking the protection codes of software or databases or decrypting access keys when such software or databases are equipped with an access or protection system.<\/span><\/p>\t\t\t\t\t\t\t\t<\/div>\n\t\t\t\t<\/div>\n\t\t\t\t<div class=\"elementor-element elementor-element-c3f29a3 elementor-widget-divider--view-line elementor-widget elementor-widget-divider\" data-id=\"c3f29a3\" data-element_type=\"widget\" data-e-type=\"widget\" data-widget_type=\"divider.default\">\n\t\t\t\t<div class=\"elementor-widget-container\">\n\t\t\t\t\t\t\t<div class=\"elementor-divider\">\n\t\t\t<span class=\"elementor-divider-separator\">\n\t\t\t\t\t\t<\/span>\n\t\t<\/div>\n\t\t\t\t\t\t<\/div>\n\t\t\t\t<\/div>\n\t\t\t\t<\/div>\n\t\t<div class=\"elementor-element elementor-element-b314d6f e-con-full e-flex e-con e-child\" data-id=\"b314d6f\" data-element_type=\"container\" data-e-type=\"container\" data-settings=\"{&quot;jet_parallax_layout_list&quot;:[]}\">\n\t\t\t\t<div class=\"elementor-element elementor-element-d6f77fc elementor-widget elementor-widget-heading\" data-id=\"d6f77fc\" data-element_type=\"widget\" data-e-type=\"widget\" data-widget_type=\"heading.default\">\n\t\t\t\t<div class=\"elementor-widget-container\">\n\t\t\t\t\t<p class=\"elementor-heading-title elementor-size-default\">PERSONAL DATA<\/p>\t\t\t\t<\/div>\n\t\t\t\t<\/div>\n\t\t\t\t<div class=\"elementor-element elementor-element-db6aaf7 elementor-widget elementor-widget-text-editor\" data-id=\"db6aaf7\" data-element_type=\"widget\" data-e-type=\"widget\" data-widget_type=\"text-editor.default\">\n\t\t\t\t<div class=\"elementor-widget-container\">\n\t\t\t\t\t\t\t\t\t<p class=\" translation-block\">We comply with the applicable regulations on the protection of personal data, in particular the General Data Protection Regulation (GDPR) (EU 2016\/679) and the amended French Data Protection Law of 6 January 1978.<\/p><p><span style=\"font-weight: 400;\">You are reminded of the need to only provide data that is strictly necessary for your interactions on our Website.<\/span><\/p><p><span style=\"font-weight: 400;\">You are informed that Morvilliers Sentenac &amp; Associ\u00e9s may place one or more anonymous cookies in order to continuously improve the Website.<\/span><\/p><p class=\" translation-block\">The privacy policy covers the protection of personal data and cookies. You are invited to consult it here: [Link to the privacy policy page]<\/p>\t\t\t\t\t\t\t\t<\/div>\n\t\t\t\t<\/div>\n\t\t\t\t<div class=\"elementor-element elementor-element-af430d4 elementor-widget-divider--view-line elementor-widget elementor-widget-divider\" data-id=\"af430d4\" data-element_type=\"widget\" data-e-type=\"widget\" data-widget_type=\"divider.default\">\n\t\t\t\t<div class=\"elementor-widget-container\">\n\t\t\t\t\t\t\t<div class=\"elementor-divider\">\n\t\t\t<span class=\"elementor-divider-separator\">\n\t\t\t\t\t\t<\/span>\n\t\t<\/div>\n\t\t\t\t\t\t<\/div>\n\t\t\t\t<\/div>\n\t\t\t\t<\/div>\n\t\t<div class=\"elementor-element elementor-element-91b7d5a e-con-full e-flex e-con e-child\" data-id=\"91b7d5a\" data-element_type=\"container\" data-e-type=\"container\" data-settings=\"{&quot;jet_parallax_layout_list&quot;:[]}\">\n\t\t\t\t<div class=\"elementor-element elementor-element-caee209 elementor-widget elementor-widget-heading\" data-id=\"caee209\" data-element_type=\"widget\" data-e-type=\"widget\" data-widget_type=\"heading.default\">\n\t\t\t\t<div class=\"elementor-widget-container\">\n\t\t\t\t\t<p class=\"elementor-heading-title elementor-size-default\">ACCESSING AND MODIFYING THE WEBSITE<\/p>\t\t\t\t<\/div>\n\t\t\t\t<\/div>\n\t\t\t\t<div class=\"elementor-element elementor-element-ef85ef6 elementor-widget elementor-widget-text-editor\" data-id=\"ef85ef6\" data-element_type=\"widget\" data-e-type=\"widget\" data-widget_type=\"text-editor.default\">\n\t\t\t\t<div class=\"elementor-widget-container\">\n\t\t\t\t\t\t\t\t\t<p><span style=\"font-weight: 400;\">The Website is for personal use only (including for information in your professional capacity).<\/span><\/p><p><span style=\"font-weight: 400;\">The content published on this Website may not be used for advertising, commercial or political purposes, or for any other form of commercial solicitation.<\/span><\/p><p><span style=\"font-weight: 400;\">The purpose of the Website is to provide you with information about our law firm or topics handled by our various departments (employment, commercial, tax, corporate, international, intellectual property and digital).<\/span><\/p><p><span style=\"font-weight: 400;\">This information does not constitute advice and is provided for informational purposes only.<\/span><\/p><p><span style=\"font-weight: 400;\">We reserve the right to modify the content of our Website, including these legal notices, at any time, without notice and at our discretion.<\/span><\/p><p><span style=\"font-weight: 400;\">We cannot be held liable for factors beyond our control or for any damage that may be caused to your technical environment, including your computers, telephones, smartphones, tablets, software, network equipment and any other equipment used to access or use our Website.<\/span><\/p><p><span style=\"font-weight: 400;\">\u00a0<\/span><\/p><p><span style=\"font-weight: 400;\">HYPERTEXT LINKS<\/span><\/p><p><span style=\"font-weight: 400;\">The Website contains hypertext links providing access to websites that are not published by Morvilliers Sentenac &amp; Associ\u00e9s. Consequently, we cannot be held liable for the content of the websites to which you will thus have access.<\/span><\/p><p><span style=\"font-weight: 400;\">The creation of hypertext links to the Site's home page is authorised. Links to specific pages of the Site are subject to prior authorisation by Morvilliers Sentenac &amp; Associ\u00e9s.<\/span><\/p><p><span style=\"font-weight: 400;\">The URL of the target page must be clearly indicated. The user's website must not present our Website as its own, distort the content of our Website, or fail to clearly indicate that the user is being directed to our Website. The pages of our Website must not be embedded within the pages of another website, but may be displayed in a new window.<\/span><\/p><p><span style=\"font-weight: 400;\">No mirroring of our Website, i.e. posting it online at another URL, is permitted.<\/span><\/p>\t\t\t\t\t\t\t\t<\/div>\n\t\t\t\t<\/div>\n\t\t\t\t<div class=\"elementor-element elementor-element-f86919b elementor-widget-divider--view-line elementor-widget elementor-widget-divider\" data-id=\"f86919b\" data-element_type=\"widget\" data-e-type=\"widget\" data-widget_type=\"divider.default\">\n\t\t\t\t<div class=\"elementor-widget-container\">\n\t\t\t\t\t\t\t<div class=\"elementor-divider\">\n\t\t\t<span class=\"elementor-divider-separator\">\n\t\t\t\t\t\t<\/span>\n\t\t<\/div>\n\t\t\t\t\t\t<\/div>\n\t\t\t\t<\/div>\n\t\t\t\t<\/div>\n\t\t<div class=\"elementor-element elementor-element-fa43fdf e-con-full e-flex e-con e-child\" data-id=\"fa43fdf\" data-element_type=\"container\" data-e-type=\"container\" data-settings=\"{&quot;jet_parallax_layout_list&quot;:[]}\">\n\t\t\t\t<div class=\"elementor-element elementor-element-b8a28f7 elementor-widget elementor-widget-text-editor\" data-id=\"b8a28f7\" data-element_type=\"widget\" data-e-type=\"widget\" data-widget_type=\"text-editor.default\">\n\t\t\t\t<div class=\"elementor-widget-container\">\n\t\t\t\t\t\t\t\t\t<p class=\" translation-block\">Graphic design: Deux Quatre\nSite design: Deux Quatre<\/p>\t\t\t\t\t\t\t\t<\/div>\n\t\t\t\t<\/div>\n\t\t\t\t<\/div>\n\t\t\t\t<\/div>\n\t\t\t\t\t<\/div>\n\t\t\t\t<\/div>\n\t\t\t\t<\/div>","protected":false},"excerpt":{"rendered":"<p>Mentions l\u00e9gales \u00c9diteur du site Morvilliers Sentenac &amp; Associ\u00e9s18 rue Lafayette 31000 ToulouseT\u00e9l. : 05.62.27.50.50 N\u00b0 SIRET : 38947017000033N\u00b0 TVA intracommunautaire : FR29389470170SELAS au capital de 196 299,00 eurosImmatricul\u00e9e au RCS de TOULOUSE sous le num\u00e9ro 389 470 170 Adresse e-mail : contact@ms-associes.com\u00a0 Directeur de Publication : Ma\u00eetre Nicolas MORVILLIERS Morvilliers Sentenac &amp; Associ\u00e9s est [&hellip;]<\/p>\n","protected":false},"author":3,"featured_media":0,"parent":0,"menu_order":0,"comment_status":"closed","ping_status":"closed","template":"","meta":{"footnotes":""},"class_list":["post-1137","page","type-page","status-publish","hentry"],"_links":{"self":[{"href":"https:\/\/www.ms-associes.com\/en\/wp-json\/wp\/v2\/pages\/1137","targetHints":{"allow":["GET"]}}],"collection":[{"href":"https:\/\/www.ms-associes.com\/en\/wp-json\/wp\/v2\/pages"}],"about":[{"href":"https:\/\/www.ms-associes.com\/en\/wp-json\/wp\/v2\/types\/page"}],"author":[{"embeddable":true,"href":"https:\/\/www.ms-associes.com\/en\/wp-json\/wp\/v2\/users\/3"}],"replies":[{"embeddable":true,"href":"https:\/\/www.ms-associes.com\/en\/wp-json\/wp\/v2\/comments?post=1137"}],"version-history":[{"count":6,"href":"https:\/\/www.ms-associes.com\/en\/wp-json\/wp\/v2\/pages\/1137\/revisions"}],"predecessor-version":[{"id":1826,"href":"https:\/\/www.ms-associes.com\/en\/wp-json\/wp\/v2\/pages\/1137\/revisions\/1826"}],"wp:attachment":[{"href":"https:\/\/www.ms-associes.com\/en\/wp-json\/wp\/v2\/media?parent=1137"}],"curies":[{"name":"wp","href":"https:\/\/api.w.org\/{rel}","templated":true}]}}