{"id":661,"date":"2025-11-19T09:39:38","date_gmt":"2025-11-19T08:39:38","guid":{"rendered":"https:\/\/ms-associes.com\/?page_id=661"},"modified":"2026-03-24T10:59:31","modified_gmt":"2026-03-24T09:59:31","slug":"practice","status":"publish","type":"page","link":"https:\/\/www.ms-associes.com\/en\/cabinet\/","title":{"rendered":"About us"},"content":{"rendered":"<div data-elementor-type=\"wp-page\" data-elementor-id=\"661\" class=\"elementor elementor-661\" data-elementor-post-type=\"page\">\n\t\t\t\t<div class=\"elementor-element elementor-element-1c218e5 e-flex e-con-boxed e-con e-parent\" data-id=\"1c218e5\" data-element_type=\"container\" data-e-type=\"container\" data-settings=\"{&quot;background_background&quot;:&quot;classic&quot;,&quot;jet_parallax_layout_list&quot;:[]}\">\n\t\t\t\t\t<div class=\"e-con-inner\">\n\t\t\t\t<div class=\"elementor-element elementor-element-cb7e2ea elementor-widget elementor-widget-heading\" data-id=\"cb7e2ea\" data-element_type=\"widget\" data-e-type=\"widget\" data-widget_type=\"heading.default\">\n\t\t\t\t<div class=\"elementor-widget-container\">\n\t\t\t\t\t<h2 class=\"elementor-heading-title elementor-size-default\">The Firm<\/h2>\t\t\t\t<\/div>\n\t\t\t\t<\/div>\n\t\t\t\t\t<\/div>\n\t\t\t\t<\/div>\n\t\t<div class=\"elementor-element elementor-element-70c2b54 e-flex e-con-boxed e-con e-parent\" data-id=\"70c2b54\" data-element_type=\"container\" data-e-type=\"container\" data-settings=\"{&quot;background_background&quot;:&quot;classic&quot;,&quot;jet_parallax_layout_list&quot;:[]}\">\n\t\t\t\t\t<div class=\"e-con-inner\">\n\t\t<div class=\"elementor-element elementor-element-a1266d9 e-con-full e-flex e-con e-child\" data-id=\"a1266d9\" data-element_type=\"container\" data-e-type=\"container\" data-settings=\"{&quot;jet_parallax_layout_list&quot;:[]}\">\n\t\t\t\t<div class=\"elementor-element elementor-element-a16020e elementor-widget__width-initial elementor-widget-tablet__width-auto elementor-widget elementor-widget-heading\" data-id=\"a16020e\" data-element_type=\"widget\" data-e-type=\"widget\" data-widget_type=\"heading.default\">\n\t\t\t\t<div class=\"elementor-widget-container\">\n\t\t\t\t\t<h2 class=\"elementor-heading-title elementor-size-default\">History &amp; Identity<\/h2>\t\t\t\t<\/div>\n\t\t\t\t<\/div>\n\t\t\t\t<\/div>\n\t\t<div class=\"elementor-element elementor-element-c7cc701 e-con-full e-flex e-con e-child\" data-id=\"c7cc701\" data-element_type=\"container\" data-e-type=\"container\" data-settings=\"{&quot;jet_parallax_layout_list&quot;:[]}\">\n\t\t\t\t<div class=\"elementor-element elementor-element-43dc61d elementor-widget__width-initial elementor-widget elementor-widget-text-editor\" data-id=\"43dc61d\" data-element_type=\"widget\" data-e-type=\"widget\" data-widget_type=\"text-editor.default\">\n\t\t\t\t<div class=\"elementor-widget-container\">\n\t\t\t\t\t\t\t\t\t<p>Founded in Toulouse in 1989, our firm has established itself as a leader in business law in Occitanie thanks to its unique approach: combining judicial culture with in-depth legal expertise. From the outset, we have sought out a diverse range of profiles, drawn from the worlds of business, legal consulting and accounting.<\/p>\t\t\t\t\t\t\t\t<\/div>\n\t\t\t\t<\/div>\n\t\t\t\t<\/div>\n\t\t<div class=\"elementor-element elementor-element-9556f9c e-con-full e-flex e-con e-child\" data-id=\"9556f9c\" data-element_type=\"container\" data-e-type=\"container\" data-settings=\"{&quot;jet_parallax_layout_list&quot;:[]}\">\n\t\t\t\t<\/div>\n\t\t\t\t\t<\/div>\n\t\t\t\t<\/div>\n\t\t<div class=\"elementor-element elementor-element-2c97a4a e-flex e-con-boxed e-con e-parent\" data-id=\"2c97a4a\" data-element_type=\"container\" data-e-type=\"container\" data-settings=\"{&quot;background_background&quot;:&quot;classic&quot;,&quot;jet_parallax_layout_list&quot;:[]}\">\n\t\t\t\t\t<div class=\"e-con-inner\">\n\t\t<div class=\"elementor-element elementor-element-47b783e e-con-full elementor-hidden-mobile e-flex e-con e-child\" data-id=\"47b783e\" data-element_type=\"container\" data-e-type=\"container\" data-settings=\"{&quot;jet_parallax_layout_list&quot;:[]}\">\n\t\t<div class=\"elementor-element elementor-element-403dae5 e-con-full e-flex e-con e-child\" data-id=\"403dae5\" data-element_type=\"container\" data-e-type=\"container\" data-settings=\"{&quot;background_background&quot;:&quot;classic&quot;,&quot;jet_parallax_layout_list&quot;:[]}\">\n\t\t\t\t<\/div>\n\t\t\t\t<\/div>\n\t\t<div class=\"elementor-element elementor-element-8ca0a51 e-con-full e-flex e-con e-child\" data-id=\"8ca0a51\" data-element_type=\"container\" data-e-type=\"container\" data-settings=\"{&quot;jet_parallax_layout_list&quot;:[]}\">\n\t\t<div class=\"elementor-element elementor-element-4703051 e-con-full e-flex e-con e-child\" data-id=\"4703051\" data-element_type=\"container\" data-e-type=\"container\" data-settings=\"{&quot;background_background&quot;:&quot;classic&quot;,&quot;jet_parallax_layout_list&quot;:[]}\">\n\t\t\t\t<\/div>\n\t\t\t\t<\/div>\n\t\t\t\t\t<\/div>\n\t\t\t\t<\/div>\n\t\t<div class=\"elementor-element elementor-element-a3369e8 e-flex e-con-boxed e-con e-parent\" data-id=\"a3369e8\" data-element_type=\"container\" data-e-type=\"container\" data-settings=\"{&quot;jet_parallax_layout_list&quot;:[]}\">\n\t\t\t\t\t<div class=\"e-con-inner\">\n\t\t\t\t<div class=\"elementor-element elementor-element-ec2ed75 elementor-widget__width-initial elementor-widget elementor-widget-heading\" data-id=\"ec2ed75\" data-element_type=\"widget\" data-e-type=\"widget\" data-widget_type=\"heading.default\">\n\t\t\t\t<div class=\"elementor-widget-container\">\n\t\t\t\t\t<h2 class=\"elementor-heading-title elementor-size-default\">This mix of backgrounds and experiences guarantees a comprehensive, agile and pragmatic legal response.\u00a0<\/h2>\t\t\t\t<\/div>\n\t\t\t\t<\/div>\n\t\t\t\t<div class=\"elementor-element elementor-element-142fe0c elementor-widget__width-initial elementor-widget elementor-widget-text-editor\" data-id=\"142fe0c\" data-element_type=\"widget\" data-e-type=\"widget\" data-widget_type=\"text-editor.default\">\n\t\t\t\t<div class=\"elementor-widget-container\">\n\t\t\t\t\t\t\t\t\t<p class=\"p1\">Building on our regional roots, we have developed international expertise to best support our clients' evolution and ambitions.<\/p>\n<p class=\"p1\">Now comprising around thirty talented individuals, including 10 partners who are committed on a daily basis, Morvilliers Sentenac is constantly evolving to meet contemporary legal challenges.<\/p>\t\t\t\t\t\t\t\t<\/div>\n\t\t\t\t<\/div>\n\t\t\t\t\t<\/div>\n\t\t\t\t<\/div>\n\t\t<div class=\"elementor-element elementor-element-8d3c4c6 e-flex e-con-boxed e-con e-parent\" data-id=\"8d3c4c6\" data-element_type=\"container\" data-e-type=\"container\" data-settings=\"{&quot;background_background&quot;:&quot;classic&quot;,&quot;jet_parallax_layout_list&quot;:[]}\">\n\t\t\t\t\t<div class=\"e-con-inner\">\n\t\t<div class=\"elementor-element elementor-element-d7f2541 e-con-full e-flex e-con e-child\" data-id=\"d7f2541\" data-element_type=\"container\" data-e-type=\"container\" data-settings=\"{&quot;jet_parallax_layout_list&quot;:[]}\">\n\t\t\t\t<div class=\"elementor-element elementor-element-11e8d49 elementor-widget elementor-widget-heading\" data-id=\"11e8d49\" data-element_type=\"widget\" data-e-type=\"widget\" data-widget_type=\"heading.default\">\n\t\t\t\t<div class=\"elementor-widget-container\">\n\t\t\t\t\t<h2 class=\"elementor-heading-title elementor-size-default\">Our values<\/h2>\t\t\t\t<\/div>\n\t\t\t\t<\/div>\n\t\t\t\t<div class=\"elementor-element elementor-element-fe92267 elementor-hidden-desktop elementor-hidden-laptop elementor-hidden-tablet elementor-hidden-mobile elementor-widget elementor-widget-button\" data-id=\"fe92267\" data-element_type=\"widget\" data-e-type=\"widget\" data-widget_type=\"button.default\">\n\t\t\t\t<div class=\"elementor-widget-container\">\n\t\t\t\t\t\t\t\t\t<div class=\"elementor-button-wrapper\">\n\t\t\t\t\t<a class=\"elementor-button elementor-button-link elementor-size-sm\" href=\"https:\/\/www.ms-associes.com\/en\/contact\/\">\n\t\t\t\t\t\t<span class=\"elementor-button-content-wrapper\">\n\t\t\t\t\t\t\t\t\t<span class=\"elementor-button-text\">Contact us<\/span>\n\t\t\t\t\t<\/span>\n\t\t\t\t\t<\/a>\n\t\t\t\t<\/div>\n\t\t\t\t\t\t\t\t<\/div>\n\t\t\t\t<\/div>\n\t\t<a class=\"elementor-element elementor-element-aecd3c8 e-con-full elementor-hidden-mobile e-flex e-con e-child\" data-id=\"aecd3c8\" data-element_type=\"container\" data-e-type=\"container\" data-settings=\"{&quot;background_background&quot;:&quot;classic&quot;,&quot;jet_parallax_layout_list&quot;:[]}\" href=\"https:\/\/www.ms-associes.com\/en\/contact\/\">\n\t\t\t\t<div class=\"elementor-element elementor-element-232cd4e elementor-widget elementor-widget-heading\" data-id=\"232cd4e\" data-element_type=\"widget\" data-e-type=\"widget\" data-widget_type=\"heading.default\">\n\t\t\t\t<div class=\"elementor-widget-container\">\n\t\t\t\t\t<h2 class=\"elementor-heading-title elementor-size-default\">Contact us<\/h2>\t\t\t\t<\/div>\n\t\t\t\t<\/div>\n\t\t\t\t<div class=\"elementor-element elementor-element-c4ee0c9 arrow elementor-view-default elementor-widget elementor-widget-icon\" data-id=\"c4ee0c9\" data-element_type=\"widget\" data-e-type=\"widget\" data-widget_type=\"icon.default\">\n\t\t\t\t<div class=\"elementor-widget-container\">\n\t\t\t\t\t\t\t<div class=\"elementor-icon-wrapper\">\n\t\t\t<div class=\"elementor-icon\">\n\t\t\t<svg xmlns=\"http:\/\/www.w3.org\/2000\/svg\" id=\"Calque_1\" width=\"27\" height=\"22\" viewbox=\"0 0 27 22\"><path d=\"M0,12.43h21.39l-7.76,7.55,2.07,2.02,11.3-11L15.7,0l-2.07,2.02,7.76,7.55H0v2.85Z\"><\/path><\/svg>\t\t\t<\/div>\n\t\t<\/div>\n\t\t\t\t\t\t<\/div>\n\t\t\t\t<\/div>\n\t\t\t\t<\/a>\n\t\t\t\t<div class=\"elementor-element elementor-element-e92d41f elementor-view-stacked elementor-shape-square elementor-absolute elementor-widget elementor-widget-icon\" data-id=\"e92d41f\" data-element_type=\"widget\" data-e-type=\"widget\" id=\"scroll-arrow-icon\" data-settings=\"{&quot;_position&quot;:&quot;absolute&quot;}\" data-widget_type=\"icon.default\">\n\t\t\t\t<div class=\"elementor-widget-container\">\n\t\t\t\t\t\t\t<div class=\"elementor-icon-wrapper\">\n\t\t\t<div class=\"elementor-icon\">\n\t\t\t<svg xmlns=\"http:\/\/www.w3.org\/2000\/svg\" id=\"Calque_1\" width=\"22\" height=\"27\" viewbox=\"0 0 22 27\"><path d=\"M9.57,0v21.39l-7.55-7.76-2.02,2.07,11,11.3,11-11.3-2.02-2.07-7.55,7.76V0h-2.86Z\"><\/path><\/svg>\t\t\t<\/div>\n\t\t<\/div>\n\t\t\t\t\t\t<\/div>\n\t\t\t\t<\/div>\n\t\t\t\t<\/div>\n\t\t<div class=\"elementor-element elementor-element-61ef470 e-con-full e-flex e-con e-child\" data-id=\"61ef470\" data-element_type=\"container\" data-e-type=\"container\" id=\"values-container\" data-settings=\"{&quot;jet_parallax_layout_list&quot;:[]}\">\n\t\t<div class=\"elementor-element elementor-element-d347fee e-con-full values-scroll-container e-flex e-con e-child\" data-id=\"d347fee\" data-element_type=\"container\" data-e-type=\"container\" data-settings=\"{&quot;background_background&quot;:&quot;classic&quot;,&quot;jet_parallax_layout_list&quot;:[]}\">\n\t\t\t\t<div class=\"elementor-element elementor-element-b3d7740 elementor-widget elementor-widget-heading\" data-id=\"b3d7740\" data-element_type=\"widget\" data-e-type=\"widget\" data-widget_type=\"heading.default\">\n\t\t\t\t<div class=\"elementor-widget-container\">\n\t\t\t\t\t<h2 class=\"elementor-heading-title elementor-size-default\"><span data-metadata=\"&lt;!--(figmeta)eyJmaWxlS2V5IjoiOTZ4MUdDS3NaNVB6WEFKall6TjRQZiIsInBhc3RlSUQiOjE5ODMyMjU2MzcsImRhdGFUeXBlIjoic2NlbmUifQo=(\/figmeta)--&gt;\"><\/span>Local strength<\/h2>\t\t\t\t<\/div>\n\t\t\t\t<\/div>\n\t\t\t\t<div class=\"elementor-element elementor-element-8ac6c5d elementor-widget elementor-widget-text-editor\" data-id=\"8ac6c5d\" data-element_type=\"widget\" data-e-type=\"widget\" data-widget_type=\"text-editor.default\">\n\t\t\t\t<div class=\"elementor-widget-container\">\n\t\t\t\t\t\t\t\t\t<p class=\"p1\">Based in Toulouse, we share the economic and socio-cultural vitality of Occitanie. This geographical proximity allows us to make immediate assessments and provide tailored responses to the reality of each local stakeholder. Being physically close also means being available: a partner can travel to meet with you, and decisions can be made without intermediaries.<\/p>\t\t\t\t\t\t\t\t<\/div>\n\t\t\t\t<\/div>\n\t\t\t\t<\/div>\n\t\t<div class=\"elementor-element elementor-element-b2a5011 e-con-full values-scroll-container e-flex e-con e-child\" data-id=\"b2a5011\" data-element_type=\"container\" data-e-type=\"container\" data-settings=\"{&quot;background_background&quot;:&quot;classic&quot;,&quot;jet_parallax_layout_list&quot;:[]}\">\n\t\t\t\t<div class=\"elementor-element elementor-element-0cd19c6 elementor-widget elementor-widget-heading\" data-id=\"0cd19c6\" data-element_type=\"widget\" data-e-type=\"widget\" data-widget_type=\"heading.default\">\n\t\t\t\t<div class=\"elementor-widget-container\">\n\t\t\t\t\t<h2 class=\"elementor-heading-title elementor-size-default\"><span data-metadata=\"&lt;!--(figmeta)eyJmaWxlS2V5IjoiOTZ4MUdDS3NaNVB6WEFKall6TjRQZiIsInBhc3RlSUQiOjE1MjMyMTY2ODksImRhdGFUeXBlIjoic2NlbmUifQo=(\/figmeta)--&gt;\"><\/span>An international reach<\/h2>\t\t\t\t<\/div>\n\t\t\t\t<\/div>\n\t\t\t\t<div class=\"elementor-element elementor-element-de0088c elementor-widget elementor-widget-text-editor\" data-id=\"de0088c\" data-element_type=\"widget\" data-e-type=\"widget\" data-widget_type=\"text-editor.default\">\n\t\t\t\t<div class=\"elementor-widget-container\">\n\t\t\t\t\t\t\t\t\t<p class=\"p1\">Beyond the Garonne, our expertise extends to more than forty countries thanks to proven networks of rigorously selected correspondents. This international framework allows us to orchestrate cross-border transactions, arbitration or tax optimisation, ensuring the same high standards of quality and responsiveness everywhere. In particular, our firm counts among its partners a Solicitor (England and Wales) and a Rechtsanw\u00e4ltin, who are bilingual and also admitted to practise law in France, specialising in Franco-British and Franco-German legal matters.<\/p>\t\t\t\t\t\t\t\t<\/div>\n\t\t\t\t<\/div>\n\t\t\t\t<\/div>\n\t\t<div class=\"elementor-element elementor-element-6bf41f7 e-con-full values-scroll-container e-flex e-con e-child\" data-id=\"6bf41f7\" data-element_type=\"container\" data-e-type=\"container\" data-settings=\"{&quot;background_background&quot;:&quot;classic&quot;,&quot;jet_parallax_layout_list&quot;:[]}\">\n\t\t\t\t<div class=\"elementor-element elementor-element-ad57723 elementor-widget elementor-widget-heading\" data-id=\"ad57723\" data-element_type=\"widget\" data-e-type=\"widget\" data-widget_type=\"heading.default\">\n\t\t\t\t<div class=\"elementor-widget-container\">\n\t\t\t\t\t<h2 class=\"elementor-heading-title elementor-size-default\">A dual culture<\/h2>\t\t\t\t<\/div>\n\t\t\t\t<\/div>\n\t\t\t\t<div class=\"elementor-element elementor-element-3174f3e elementor-widget elementor-widget-text-editor\" data-id=\"3174f3e\" data-element_type=\"widget\" data-e-type=\"widget\" data-widget_type=\"text-editor.default\">\n\t\t\t\t<div class=\"elementor-widget-container\">\n\t\t\t\t\t\t\t\t\t<p class=\"p1\">Our strength lies in the constant interaction between two demanding cultures: that of the adviser who enlightens, anticipates and structures, and that of the courtroom advocate who supports, persuades and defends.<\/p>\t\t\t\t\t\t\t\t<\/div>\n\t\t\t\t<\/div>\n\t\t\t\t<\/div>\n\t\t<div class=\"elementor-element elementor-element-73bc23d e-con-full values-scroll-container e-flex e-con e-child\" data-id=\"73bc23d\" data-element_type=\"container\" data-e-type=\"container\" data-settings=\"{&quot;background_background&quot;:&quot;classic&quot;,&quot;jet_parallax_layout_list&quot;:[]}\">\n\t\t\t\t<div class=\"elementor-element elementor-element-3ec7b6f elementor-widget elementor-widget-heading\" data-id=\"3ec7b6f\" data-element_type=\"widget\" data-e-type=\"widget\" data-widget_type=\"heading.default\">\n\t\t\t\t<div class=\"elementor-widget-container\">\n\t\t\t\t\t<h2 class=\"elementor-heading-title elementor-size-default\">A harmonious structure<\/h2>\t\t\t\t<\/div>\n\t\t\t\t<\/div>\n\t\t\t\t<div class=\"elementor-element elementor-element-974a8bb elementor-widget elementor-widget-text-editor\" data-id=\"974a8bb\" data-element_type=\"widget\" data-e-type=\"widget\" data-widget_type=\"text-editor.default\">\n\t\t\t\t<div class=\"elementor-widget-container\">\n\t\t\t\t\t\t\t\t\t<p class=\"p1\">Our firm's multidisciplinary approach is based on an integrated method where each department communicates with the others to shed light on all aspects of the issue. In this way, we build a unique, consistent strategy, offering our clients a comprehensive, clear and perfectly coordinated solution.<\/p>\t\t\t\t\t\t\t\t<\/div>\n\t\t\t\t<\/div>\n\t\t\t\t<\/div>\n\t\t\t\t<div class=\"elementor-element elementor-element-54b1ef9 elementor-widget elementor-widget-html\" data-id=\"54b1ef9\" data-element_type=\"widget\" data-e-type=\"widget\" data-widget_type=\"html.default\">\n\t\t\t\t<div class=\"elementor-widget-container\">\n\t\t\t\t\t<script>\n(function() {\n    function initScrollArrow() {\n        const container = document.getElementById('values-container');\n        const arrow = document.getElementById('scroll-arrow-icon');\n        \n        if (!container || !arrow) {\n            console.log('Conteneur ou fl\u00e8che non trouv\u00e9');\n            return;\n        }\n\n        console.log('Fl\u00e8che de d\u00e9filement initialis\u00e9e !');\n\n        function checkScrollPosition() {\n            const scrollTop = container.scrollTop;\n            const scrollHeight = container.scrollHeight;\n            const clientHeight = container.clientHeight;\n            \n            if (scrollTop + clientHeight >= scrollHeight - 50) {\n                arrow.classList.add('hidden');\n            } else {\n                arrow.classList.remove('hidden');\n            }\n        }\n\n        container.addEventListener('scroll', checkScrollPosition);\n\n        arrow.addEventListener('click', function(e) {\n            e.preventDefault();\n            e.stopPropagation();\n            \n            const scrollAmount = container.clientHeight * 0.8;\n            container.scrollBy({\n                top: scrollAmount,\n                behavior: 'smooth'\n            });\n        });\n\n        checkScrollPosition();\n    }\n\n    if (document.readyState === 'loading') {\n        document.addEventListener('DOMContentLoaded', initScrollArrow);\n    } else {\n        initScrollArrow();\n    }\n    \n    window.addEventListener('load', initScrollArrow);\n})();\n<\/script>\n\t\t\t\t<\/div>\n\t\t\t\t<\/div>\n\t\t\t\t<\/div>\n\t\t\t\t\t<\/div>\n\t\t\t\t<\/div>\n\t\t<div class=\"elementor-element elementor-element-cbae174 elementor-hidden-desktop elementor-hidden-laptop elementor-hidden-tablet e-flex e-con-boxed e-con e-parent\" data-id=\"cbae174\" data-element_type=\"container\" data-e-type=\"container\" data-settings=\"{&quot;background_background&quot;:&quot;classic&quot;,&quot;jet_parallax_layout_list&quot;:[]}\">\n\t\t\t\t\t<div class=\"e-con-inner\">\n\t\t<a class=\"elementor-element elementor-element-3cd3205 e-con-full e-flex e-con e-child\" data-id=\"3cd3205\" data-element_type=\"container\" data-e-type=\"container\" data-settings=\"{&quot;background_background&quot;:&quot;classic&quot;,&quot;jet_parallax_layout_list&quot;:[]}\" href=\"https:\/\/www.ms-associes.com\/en\/contact\/\">\n\t\t\t\t<div class=\"elementor-element elementor-element-eef8903 elementor-widget elementor-widget-heading\" data-id=\"eef8903\" data-element_type=\"widget\" data-e-type=\"widget\" data-widget_type=\"heading.default\">\n\t\t\t\t<div class=\"elementor-widget-container\">\n\t\t\t\t\t<h2 class=\"elementor-heading-title elementor-size-default\">Contact us<\/h2>\t\t\t\t<\/div>\n\t\t\t\t<\/div>\n\t\t\t\t<div class=\"elementor-element elementor-element-8f5e1cb arrow elementor-view-default elementor-widget elementor-widget-icon\" data-id=\"8f5e1cb\" data-element_type=\"widget\" data-e-type=\"widget\" data-widget_type=\"icon.default\">\n\t\t\t\t<div class=\"elementor-widget-container\">\n\t\t\t\t\t\t\t<div class=\"elementor-icon-wrapper\">\n\t\t\t<div class=\"elementor-icon\">\n\t\t\t<svg xmlns=\"http:\/\/www.w3.org\/2000\/svg\" id=\"Calque_1\" width=\"27\" height=\"22\" viewbox=\"0 0 27 22\"><path d=\"M0,12.43h21.39l-7.76,7.55,2.07,2.02,11.3-11L15.7,0l-2.07,2.02,7.76,7.55H0v2.85Z\"><\/path><\/svg>\t\t\t<\/div>\n\t\t<\/div>\n\t\t\t\t\t\t<\/div>\n\t\t\t\t<\/div>\n\t\t\t\t<\/a>\n\t\t\t\t\t<\/div>\n\t\t\t\t<\/div>\n\t\t\t\t<\/div>","protected":false},"excerpt":{"rendered":"<p>Le Cabinet Histoire &amp; identit\u00e9 Fond\u00e9 \u00e0 Toulouse en 1989, notre cabinet s\u2019est impos\u00e9 comme une r\u00e9f\u00e9rence en droit des affaires en Occitanie gr\u00e2ce \u00e0 une approche singuli\u00e8re : allier culture judiciaire et expertise juridique approfondie. D\u00e8s l\u2019origine, le choix s\u2019est port\u00e9 vers des profils vari\u00e9s, issus tant du monde des affaires que du conseil [&hellip;]<\/p>\n","protected":false},"author":3,"featured_media":0,"parent":0,"menu_order":0,"comment_status":"closed","ping_status":"closed","template":"","meta":{"footnotes":""},"class_list":["post-661","page","type-page","status-publish","hentry"],"_links":{"self":[{"href":"https:\/\/www.ms-associes.com\/en\/wp-json\/wp\/v2\/pages\/661","targetHints":{"allow":["GET"]}}],"collection":[{"href":"https:\/\/www.ms-associes.com\/en\/wp-json\/wp\/v2\/pages"}],"about":[{"href":"https:\/\/www.ms-associes.com\/en\/wp-json\/wp\/v2\/types\/page"}],"author":[{"embeddable":true,"href":"https:\/\/www.ms-associes.com\/en\/wp-json\/wp\/v2\/users\/3"}],"replies":[{"embeddable":true,"href":"https:\/\/www.ms-associes.com\/en\/wp-json\/wp\/v2\/comments?post=661"}],"version-history":[{"count":51,"href":"https:\/\/www.ms-associes.com\/en\/wp-json\/wp\/v2\/pages\/661\/revisions"}],"predecessor-version":[{"id":2461,"href":"https:\/\/www.ms-associes.com\/en\/wp-json\/wp\/v2\/pages\/661\/revisions\/2461"}],"wp:attachment":[{"href":"https:\/\/www.ms-associes.com\/en\/wp-json\/wp\/v2\/media?parent=661"}],"curies":[{"name":"wp","href":"https:\/\/api.w.org\/{rel}","templated":true}]}}