{"id":999,"date":"2025-11-19T17:48:48","date_gmt":"2025-11-19T16:48:48","guid":{"rendered":"https:\/\/ms-associes.com\/?page_id=999"},"modified":"2025-12-19T18:16:52","modified_gmt":"2025-12-19T17:16:52","slug":"expertise","status":"publish","type":"page","link":"https:\/\/www.ms-associes.com\/en\/expertises\/","title":{"rendered":"Expertise"},"content":{"rendered":"<div data-elementor-type=\"wp-page\" data-elementor-id=\"999\" class=\"elementor elementor-999\" data-elementor-post-type=\"page\">\n\t\t\t\t<div class=\"elementor-element elementor-element-ebb61ea e-flex e-con-boxed e-con e-parent\" data-id=\"ebb61ea\" data-element_type=\"container\" data-e-type=\"container\" data-settings=\"{&quot;background_background&quot;:&quot;classic&quot;,&quot;jet_parallax_layout_list&quot;:[]}\">\n\t\t\t\t\t<div class=\"e-con-inner\">\n\t\t\t\t<div class=\"elementor-element elementor-element-4d3c4e0 elementor-widget elementor-widget-heading\" data-id=\"4d3c4e0\" data-element_type=\"widget\" data-e-type=\"widget\" data-widget_type=\"heading.default\">\n\t\t\t\t<div class=\"elementor-widget-container\">\n\t\t\t\t\t<h2 class=\"elementor-heading-title elementor-size-default\">Our Services<\/h2>\t\t\t\t<\/div>\n\t\t\t\t<\/div>\n\t\t\t\t\t<\/div>\n\t\t\t\t<\/div>\n\t\t<div class=\"elementor-element elementor-element-2ea2313 e-flex e-con-boxed e-con e-parent\" data-id=\"2ea2313\" data-element_type=\"container\" data-e-type=\"container\" data-settings=\"{&quot;background_background&quot;:&quot;classic&quot;,&quot;jet_parallax_layout_list&quot;:[]}\">\n\t\t\t\t\t<div class=\"e-con-inner\">\n\t\t<div class=\"elementor-element elementor-element-40da672 e-con-full e-flex e-con e-child\" data-id=\"40da672\" data-element_type=\"container\" data-e-type=\"container\" data-settings=\"{&quot;jet_parallax_layout_list&quot;:[]}\">\n\t\t\t\t<div class=\"elementor-element elementor-element-15d7f8f elementor-widget__width-initial elementor-widget-tablet__width-auto elementor-widget-mobile__width-inherit elementor-widget elementor-widget-heading\" data-id=\"15d7f8f\" data-element_type=\"widget\" data-e-type=\"widget\" data-widget_type=\"heading.default\">\n\t\t\t\t<div class=\"elementor-widget-container\">\n\t\t\t\t\t<h2 class=\"elementor-heading-title elementor-size-default\">Our business approach<\/h2>\t\t\t\t<\/div>\n\t\t\t\t<\/div>\n\t\t<a class=\"elementor-element elementor-element-7c04a25 e-con-full e-flex e-con e-child\" data-id=\"7c04a25\" data-element_type=\"container\" data-e-type=\"container\" data-settings=\"{&quot;background_background&quot;:&quot;classic&quot;,&quot;jet_parallax_layout_list&quot;:[]}\" href=\"https:\/\/www.ms-associes.com\/en\/contact\/\">\n\t\t\t\t<div class=\"elementor-element elementor-element-66d7c62 elementor-widget elementor-widget-heading\" data-id=\"66d7c62\" data-element_type=\"widget\" data-e-type=\"widget\" data-widget_type=\"heading.default\">\n\t\t\t\t<div class=\"elementor-widget-container\">\n\t\t\t\t\t<h2 class=\"elementor-heading-title elementor-size-default\">Contact us<\/h2>\t\t\t\t<\/div>\n\t\t\t\t<\/div>\n\t\t\t\t<div class=\"elementor-element elementor-element-a670d37 arrow elementor-view-default elementor-widget elementor-widget-icon\" data-id=\"a670d37\" data-element_type=\"widget\" data-e-type=\"widget\" data-widget_type=\"icon.default\">\n\t\t\t\t<div class=\"elementor-widget-container\">\n\t\t\t\t\t\t\t<div class=\"elementor-icon-wrapper\">\n\t\t\t<div class=\"elementor-icon\">\n\t\t\t<svg xmlns=\"http:\/\/www.w3.org\/2000\/svg\" id=\"Calque_1\" width=\"27\" height=\"22\" viewbox=\"0 0 27 22\"><path d=\"M0,12.43h21.39l-7.76,7.55,2.07,2.02,11.3-11L15.7,0l-2.07,2.02,7.76,7.55H0v2.85Z\"><\/path><\/svg>\t\t\t<\/div>\n\t\t<\/div>\n\t\t\t\t\t\t<\/div>\n\t\t\t\t<\/div>\n\t\t\t\t<\/a>\n\t\t\t\t<\/div>\n\t\t<div class=\"elementor-element elementor-element-681fca7 e-con-full e-flex e-con e-child\" data-id=\"681fca7\" data-element_type=\"container\" data-e-type=\"container\" data-settings=\"{&quot;jet_parallax_layout_list&quot;:[]}\">\n\t\t\t\t<div class=\"elementor-element elementor-element-f9138f0 elementor-widget__width-initial elementor-widget elementor-widget-text-editor\" data-id=\"f9138f0\" data-element_type=\"widget\" data-e-type=\"widget\" data-widget_type=\"text-editor.default\">\n\t\t\t\t<div class=\"elementor-widget-container\">\n\t\t\t\t\t\t\t\t\t<p>In France and internationally, our teams guarantee high value-added support, <br \/>with in-depth knowledge of sector-specific issues:\u00a0<\/p>\t\t\t\t\t\t\t\t<\/div>\n\t\t\t\t<\/div>\n\t\t\t\t<\/div>\n\t\t<div class=\"elementor-element elementor-element-9fdf8a2 e-grid e-con-full e-con e-child\" data-id=\"9fdf8a2\" data-element_type=\"container\" data-e-type=\"container\" data-settings=\"{&quot;jet_parallax_layout_list&quot;:[]}\">\n\t\t<a class=\"elementor-element elementor-element-3ea9dee e-con-full e-flex e-con e-child\" data-id=\"3ea9dee\" data-element_type=\"container\" data-e-type=\"container\" data-settings=\"{&quot;background_background&quot;:&quot;classic&quot;,&quot;jet_parallax_layout_list&quot;:[]}\" href=\"https:\/\/www.ms-associes.com\/en\/pole-societes\/\">\n\t\t\t\t<div class=\"elementor-element elementor-element-db8f12f pole elementor-widget elementor-widget-heading\" data-id=\"db8f12f\" data-element_type=\"widget\" data-e-type=\"widget\" data-widget_type=\"heading.default\">\n\t\t\t\t<div class=\"elementor-widget-container\">\n\t\t\t\t\t<p class=\"elementor-heading-title elementor-size-default\">Corporate<\/p>\t\t\t\t<\/div>\n\t\t\t\t<\/div>\n\t\t\t\t<div class=\"elementor-element elementor-element-e595b40 pole-arrow elementor-view-default elementor-widget elementor-widget-icon\" data-id=\"e595b40\" data-element_type=\"widget\" data-e-type=\"widget\" data-widget_type=\"icon.default\">\n\t\t\t\t<div class=\"elementor-widget-container\">\n\t\t\t\t\t\t\t<div class=\"elementor-icon-wrapper\">\n\t\t\t<div class=\"elementor-icon\">\n\t\t\t<svg xmlns=\"http:\/\/www.w3.org\/2000\/svg\" id=\"Calque_1\" width=\"27\" height=\"22\" viewbox=\"0 0 27 22\"><path d=\"M0,12.43h21.39l-7.76,7.55,2.07,2.02,11.3-11L15.7,0l-2.07,2.02,7.76,7.55H0v2.85Z\"><\/path><\/svg>\t\t\t<\/div>\n\t\t<\/div>\n\t\t\t\t\t\t<\/div>\n\t\t\t\t<\/div>\n\t\t\t\t<\/a>\n\t\t<a class=\"elementor-element elementor-element-9448235 e-con-full e-flex e-con e-child\" data-id=\"9448235\" data-element_type=\"container\" data-e-type=\"container\" data-settings=\"{&quot;background_background&quot;:&quot;classic&quot;,&quot;jet_parallax_layout_list&quot;:[]}\" href=\"https:\/\/www.ms-associes.com\/en\/pole-social\/\">\n\t\t\t\t<div class=\"elementor-element elementor-element-5ff9dc5 pole elementor-widget elementor-widget-heading\" data-id=\"5ff9dc5\" data-element_type=\"widget\" data-e-type=\"widget\" data-widget_type=\"heading.default\">\n\t\t\t\t<div class=\"elementor-widget-container\">\n\t\t\t\t\t<p class=\"elementor-heading-title elementor-size-default\">Employment<\/p>\t\t\t\t<\/div>\n\t\t\t\t<\/div>\n\t\t\t\t<div class=\"elementor-element elementor-element-3d61f9e pole-arrow elementor-view-default elementor-widget elementor-widget-icon\" data-id=\"3d61f9e\" data-element_type=\"widget\" data-e-type=\"widget\" data-widget_type=\"icon.default\">\n\t\t\t\t<div class=\"elementor-widget-container\">\n\t\t\t\t\t\t\t<div class=\"elementor-icon-wrapper\">\n\t\t\t<div class=\"elementor-icon\">\n\t\t\t<svg xmlns=\"http:\/\/www.w3.org\/2000\/svg\" id=\"Calque_1\" width=\"27\" height=\"22\" viewbox=\"0 0 27 22\"><path d=\"M0,12.43h21.39l-7.76,7.55,2.07,2.02,11.3-11L15.7,0l-2.07,2.02,7.76,7.55H0v2.85Z\"><\/path><\/svg>\t\t\t<\/div>\n\t\t<\/div>\n\t\t\t\t\t\t<\/div>\n\t\t\t\t<\/div>\n\t\t\t\t<\/a>\n\t\t<a class=\"elementor-element elementor-element-a643c78 e-con-full e-flex e-con e-child\" data-id=\"a643c78\" data-element_type=\"container\" data-e-type=\"container\" data-settings=\"{&quot;background_background&quot;:&quot;classic&quot;,&quot;jet_parallax_layout_list&quot;:[]}\" href=\"https:\/\/www.ms-associes.com\/en\/droit-commercial\/\">\n\t\t\t\t<div class=\"elementor-element elementor-element-b2900c5 pole elementor-widget elementor-widget-heading\" data-id=\"b2900c5\" data-element_type=\"widget\" data-e-type=\"widget\" data-widget_type=\"heading.default\">\n\t\t\t\t<div class=\"elementor-widget-container\">\n\t\t\t\t\t<p class=\"elementor-heading-title elementor-size-default\">Commercial<\/p>\t\t\t\t<\/div>\n\t\t\t\t<\/div>\n\t\t\t\t<div class=\"elementor-element elementor-element-96b74b0 pole-arrow elementor-view-default elementor-widget elementor-widget-icon\" data-id=\"96b74b0\" data-element_type=\"widget\" data-e-type=\"widget\" data-widget_type=\"icon.default\">\n\t\t\t\t<div class=\"elementor-widget-container\">\n\t\t\t\t\t\t\t<div class=\"elementor-icon-wrapper\">\n\t\t\t<div class=\"elementor-icon\">\n\t\t\t<svg xmlns=\"http:\/\/www.w3.org\/2000\/svg\" id=\"Calque_1\" width=\"27\" height=\"22\" viewbox=\"0 0 27 22\"><path d=\"M0,12.43h21.39l-7.76,7.55,2.07,2.02,11.3-11L15.7,0l-2.07,2.02,7.76,7.55H0v2.85Z\"><\/path><\/svg>\t\t\t<\/div>\n\t\t<\/div>\n\t\t\t\t\t\t<\/div>\n\t\t\t\t<\/div>\n\t\t\t\t<\/a>\n\t\t<a class=\"elementor-element elementor-element-9bad917 e-con-full e-flex e-con e-child\" data-id=\"9bad917\" data-element_type=\"container\" data-e-type=\"container\" data-settings=\"{&quot;background_background&quot;:&quot;classic&quot;,&quot;jet_parallax_layout_list&quot;:[]}\" href=\"https:\/\/www.ms-associes.com\/en\/pole-fiscal\/\">\n\t\t\t\t<div class=\"elementor-element elementor-element-3b05946 pole elementor-widget elementor-widget-heading\" data-id=\"3b05946\" data-element_type=\"widget\" data-e-type=\"widget\" data-widget_type=\"heading.default\">\n\t\t\t\t<div class=\"elementor-widget-container\">\n\t\t\t\t\t<p class=\"elementor-heading-title elementor-size-default\">Tax<\/p>\t\t\t\t<\/div>\n\t\t\t\t<\/div>\n\t\t\t\t<div class=\"elementor-element elementor-element-2bfcf91 pole-arrow elementor-view-default elementor-widget elementor-widget-icon\" data-id=\"2bfcf91\" data-element_type=\"widget\" data-e-type=\"widget\" data-widget_type=\"icon.default\">\n\t\t\t\t<div class=\"elementor-widget-container\">\n\t\t\t\t\t\t\t<div class=\"elementor-icon-wrapper\">\n\t\t\t<div class=\"elementor-icon\">\n\t\t\t<svg xmlns=\"http:\/\/www.w3.org\/2000\/svg\" id=\"Calque_1\" width=\"27\" height=\"22\" viewbox=\"0 0 27 22\"><path d=\"M0,12.43h21.39l-7.76,7.55,2.07,2.02,11.3-11L15.7,0l-2.07,2.02,7.76,7.55H0v2.85Z\"><\/path><\/svg>\t\t\t<\/div>\n\t\t<\/div>\n\t\t\t\t\t\t<\/div>\n\t\t\t\t<\/div>\n\t\t\t\t<\/a>\n\t\t<a class=\"elementor-element elementor-element-ed379df e-con-full e-flex e-con e-child\" data-id=\"ed379df\" data-element_type=\"container\" data-e-type=\"container\" data-settings=\"{&quot;background_background&quot;:&quot;classic&quot;,&quot;jet_parallax_layout_list&quot;:[]}\" href=\"https:\/\/www.ms-associes.com\/en\/pole-propriete-intellectuelle-numerique\/\">\n\t\t\t\t<div class=\"elementor-element elementor-element-ebca4c5 pole elementor-widget elementor-widget-heading\" data-id=\"ebca4c5\" data-element_type=\"widget\" data-e-type=\"widget\" data-widget_type=\"heading.default\">\n\t\t\t\t<div class=\"elementor-widget-container\">\n\t\t\t\t\t<p class=\"elementor-heading-title elementor-size-default\">Intellectual Property &amp;<br>\nDigital<\/p>\t\t\t\t<\/div>\n\t\t\t\t<\/div>\n\t\t\t\t<div class=\"elementor-element elementor-element-8e50911 pole-arrow elementor-view-default elementor-widget elementor-widget-icon\" data-id=\"8e50911\" data-element_type=\"widget\" data-e-type=\"widget\" data-widget_type=\"icon.default\">\n\t\t\t\t<div class=\"elementor-widget-container\">\n\t\t\t\t\t\t\t<div class=\"elementor-icon-wrapper\">\n\t\t\t<div class=\"elementor-icon\">\n\t\t\t<svg xmlns=\"http:\/\/www.w3.org\/2000\/svg\" id=\"Calque_1\" width=\"27\" height=\"22\" viewbox=\"0 0 27 22\"><path d=\"M0,12.43h21.39l-7.76,7.55,2.07,2.02,11.3-11L15.7,0l-2.07,2.02,7.76,7.55H0v2.85Z\"><\/path><\/svg>\t\t\t<\/div>\n\t\t<\/div>\n\t\t\t\t\t\t<\/div>\n\t\t\t\t<\/div>\n\t\t\t\t<\/a>\n\t\t<a class=\"elementor-element elementor-element-1fbd5cf e-con-full e-flex e-con e-child\" data-id=\"1fbd5cf\" data-element_type=\"container\" data-e-type=\"container\" data-settings=\"{&quot;background_background&quot;:&quot;classic&quot;,&quot;jet_parallax_layout_list&quot;:[]}\" href=\"https:\/\/www.ms-associes.com\/en\/cabinet-avocats-international\/\">\n\t\t\t\t<div class=\"elementor-element elementor-element-01279b2 pole elementor-widget elementor-widget-heading\" data-id=\"01279b2\" data-element_type=\"widget\" data-e-type=\"widget\" data-widget_type=\"heading.default\">\n\t\t\t\t<div class=\"elementor-widget-container\">\n\t\t\t\t\t<p class=\"elementor-heading-title elementor-size-default\">International<\/p>\t\t\t\t<\/div>\n\t\t\t\t<\/div>\n\t\t\t\t<div class=\"elementor-element elementor-element-829464f pole-arrow elementor-view-default elementor-widget elementor-widget-icon\" data-id=\"829464f\" data-element_type=\"widget\" data-e-type=\"widget\" data-widget_type=\"icon.default\">\n\t\t\t\t<div class=\"elementor-widget-container\">\n\t\t\t\t\t\t\t<div class=\"elementor-icon-wrapper\">\n\t\t\t<div class=\"elementor-icon\">\n\t\t\t<svg xmlns=\"http:\/\/www.w3.org\/2000\/svg\" id=\"Calque_1\" width=\"27\" height=\"22\" viewbox=\"0 0 27 22\"><path d=\"M0,12.43h21.39l-7.76,7.55,2.07,2.02,11.3-11L15.7,0l-2.07,2.02,7.76,7.55H0v2.85Z\"><\/path><\/svg>\t\t\t<\/div>\n\t\t<\/div>\n\t\t\t\t\t\t<\/div>\n\t\t\t\t<\/div>\n\t\t\t\t<\/a>\n\t\t\t\t<\/div>\n\t\t\t\t\t<\/div>\n\t\t\t\t<\/div>\n\t\t<div class=\"elementor-element elementor-element-f96d4ba e-flex e-con-boxed e-con e-parent\" data-id=\"f96d4ba\" data-element_type=\"container\" data-e-type=\"container\" data-settings=\"{&quot;background_background&quot;:&quot;classic&quot;,&quot;jet_parallax_layout_list&quot;:[]}\">\n\t\t\t\t\t<div class=\"e-con-inner\">\n\t\t<div class=\"elementor-element elementor-element-6cf16e8 e-con-full elementor-hidden-mobile e-flex e-con e-child\" data-id=\"6cf16e8\" data-element_type=\"container\" data-e-type=\"container\" data-settings=\"{&quot;jet_parallax_layout_list&quot;:[]}\">\n\t\t<div class=\"elementor-element elementor-element-86b75c2 e-con-full e-flex e-con e-child\" data-id=\"86b75c2\" data-element_type=\"container\" data-e-type=\"container\" data-settings=\"{&quot;background_background&quot;:&quot;classic&quot;,&quot;jet_parallax_layout_list&quot;:[]}\">\n\t\t\t\t<\/div>\n\t\t\t\t<\/div>\n\t\t<div class=\"elementor-element elementor-element-7f0bf72 e-con-full e-flex e-con e-child\" data-id=\"7f0bf72\" data-element_type=\"container\" data-e-type=\"container\" data-settings=\"{&quot;jet_parallax_layout_list&quot;:[]}\">\n\t\t<div class=\"elementor-element elementor-element-693d192 e-con-full e-flex e-con e-child\" data-id=\"693d192\" data-element_type=\"container\" data-e-type=\"container\" data-settings=\"{&quot;background_background&quot;:&quot;classic&quot;,&quot;jet_parallax_layout_list&quot;:[]}\">\n\t\t\t\t<\/div>\n\t\t\t\t<\/div>\n\t\t\t\t\t<\/div>\n\t\t\t\t<\/div>\n\t\t\t\t<\/div>","protected":false},"excerpt":{"rendered":"<p>Nos expertises Notre approche m\u00e9tier Nous contacter En France comme \u00e0 l&rsquo;international, nos \u00e9quipes garantissent un accompagnement \u00e0 forte valeur ajout\u00e9e, avec une connaissance fine des enjeux sectoriels :\u00a0 P\u00f4le Soci\u00e9t\u00e9s P\u00f4le Social P\u00f4le Commercial P\u00f4le Fiscal P\u00f4le Propri\u00e9t\u00e9 intellectuelle et num\u00e9rique P\u00f4le International<\/p>","protected":false},"author":3,"featured_media":0,"parent":0,"menu_order":0,"comment_status":"closed","ping_status":"closed","template":"","meta":{"footnotes":""},"class_list":["post-999","page","type-page","status-publish","hentry"],"_links":{"self":[{"href":"https:\/\/www.ms-associes.com\/en\/wp-json\/wp\/v2\/pages\/999","targetHints":{"allow":["GET"]}}],"collection":[{"href":"https:\/\/www.ms-associes.com\/en\/wp-json\/wp\/v2\/pages"}],"about":[{"href":"https:\/\/www.ms-associes.com\/en\/wp-json\/wp\/v2\/types\/page"}],"author":[{"embeddable":true,"href":"https:\/\/www.ms-associes.com\/en\/wp-json\/wp\/v2\/users\/3"}],"replies":[{"embeddable":true,"href":"https:\/\/www.ms-associes.com\/en\/wp-json\/wp\/v2\/comments?post=999"}],"version-history":[{"count":15,"href":"https:\/\/www.ms-associes.com\/en\/wp-json\/wp\/v2\/pages\/999\/revisions"}],"predecessor-version":[{"id":1690,"href":"https:\/\/www.ms-associes.com\/en\/wp-json\/wp\/v2\/pages\/999\/revisions\/1690"}],"wp:attachment":[{"href":"https:\/\/www.ms-associes.com\/en\/wp-json\/wp\/v2\/media?parent=999"}],"curies":[{"name":"wp","href":"https:\/\/api.w.org\/{rel}","templated":true}]}}